{"id":11,"date":"2019-01-23T17:17:05","date_gmt":"2019-01-23T17:17:05","guid":{"rendered":"http:\/\/doktorka.tomana.cz\/?page_id=11"},"modified":"2024-01-27T14:08:54","modified_gmt":"2024-01-27T14:08:54","slug":"kudy-k-nam","status":"publish","type":"page","link":"https:\/\/doktorka.tomana.cz\/index.php\/kudy-k-nam\/","title":{"rendered":"Kudy k n\u00e1m"},"content":{"rendered":"<h2>\u00a0\u00a0 Jak se dostanu do ordinace?<\/h2>\n<ul>\n<li>autobusem \u010d. 125, 154, 181, 182, 183<\/li>\n<li>tramvaj\u00ed \u010d. 22 a 26<\/li>\n<\/ul>\n<p>do zast\u00e1vky <strong>N\u00e1dra\u017e\u00ed Hostiva\u0159<\/strong> a pak 5 minut p\u011b\u0161ky (\u010derven\u00e1 \u0161ipka), odkaz na <a href=\"http:\/\/www.mapy.cz\/#mm=FP@sa=s@st=s@ssq=50%C2%B03%278.099%22N%2C%2014%C2%B032%2727.47@sss=1@ssp=133322048_135815216_133371456_135851712@x=133348408@y=135825312@z=17\" target=\"_blank\" rel=\"noopener noreferrer\">mapy.cz\u21b5<\/a> (50\u00b03\u20198.099\u2033N, 14\u00b032\u201927.47\u2033E)<\/p>\n<p><img loading=\"lazy\" decoding=\"async\" class=\"alignnone size-large wp-image-57\" src=\"https:\/\/doktorka.tomana.cz\/wp-content\/uploads\/2019\/01\/mapa3d-1024x565.jpg\" alt=\"\" width=\"790\" height=\"436\" srcset=\"https:\/\/doktorka.tomana.cz\/wp-content\/uploads\/2019\/01\/mapa3d-1024x565.jpg 1024w, https:\/\/doktorka.tomana.cz\/wp-content\/uploads\/2019\/01\/mapa3d-300x166.jpg 300w, https:\/\/doktorka.tomana.cz\/wp-content\/uploads\/2019\/01\/mapa3d-768x424.jpg 768w, https:\/\/doktorka.tomana.cz\/wp-content\/uploads\/2019\/01\/mapa3d.jpg 1491w\" sizes=\"auto, (max-width: 790px) 100vw, 790px\" \/><\/p>\n<p>Po p\u0159\u00edjezdu tramvaj\u00ed projdete podchodem (prvn\u00ed obr\u00e1zek) a d\u00e1te se vlevo. U silnice odbo\u010d\u00edte doprava a uvid\u00edte SO\u0160 (druh\u00fd obr\u00e1zek). \u0160kolu s oran\u017eovou fas\u00e1dou obejdete z prav\u00e9 strany a p\u016fjdete dokud nenaraz\u00edte na vchod do ordinace.<\/p>\n<p><img loading=\"lazy\" decoding=\"async\" class=\"alignnone size-full wp-image-124\" src=\"https:\/\/doktorka.tomana.cz\/wp-content\/uploads\/2019\/03\/trasa1.jpg\" alt=\"\" width=\"600\" height=\"400\" srcset=\"https:\/\/doktorka.tomana.cz\/wp-content\/uploads\/2019\/03\/trasa1.jpg 600w, https:\/\/doktorka.tomana.cz\/wp-content\/uploads\/2019\/03\/trasa1-300x200.jpg 300w\" sizes=\"auto, (max-width: 600px) 100vw, 600px\" \/><\/p>\n<p><img loading=\"lazy\" decoding=\"async\" class=\"alignnone size-full wp-image-125\" src=\"https:\/\/doktorka.tomana.cz\/wp-content\/uploads\/2019\/03\/trasa2.jpg\" alt=\"\" width=\"600\" height=\"400\" srcset=\"https:\/\/doktorka.tomana.cz\/wp-content\/uploads\/2019\/03\/trasa2.jpg 600w, https:\/\/doktorka.tomana.cz\/wp-content\/uploads\/2019\/03\/trasa2-300x200.jpg 300w\" sizes=\"auto, (max-width: 600px) 100vw, 600px\" \/><\/p>\n<p>V are\u00e1lu (SO\u0160\u00a0SOU) postupujte dle naviga\u010dn\u00edch \u0161ipek.<\/p>\n<p><img loading=\"lazy\" decoding=\"async\" class=\"alignnone size-full wp-image-126\" src=\"https:\/\/doktorka.tomana.cz\/wp-content\/uploads\/2019\/03\/trasa3.jpg\" alt=\"\" width=\"600\" height=\"400\" srcset=\"https:\/\/doktorka.tomana.cz\/wp-content\/uploads\/2019\/03\/trasa3.jpg 600w, https:\/\/doktorka.tomana.cz\/wp-content\/uploads\/2019\/03\/trasa3-300x200.jpg 300w\" sizes=\"auto, (max-width: 600px) 100vw, 600px\" \/><\/p>\n<p><img loading=\"lazy\" decoding=\"async\" class=\"alignnone size-full wp-image-127\" src=\"https:\/\/doktorka.tomana.cz\/wp-content\/uploads\/2019\/03\/trasa4.jpg\" alt=\"\" width=\"600\" height=\"400\" srcset=\"https:\/\/doktorka.tomana.cz\/wp-content\/uploads\/2019\/03\/trasa4.jpg 600w, https:\/\/doktorka.tomana.cz\/wp-content\/uploads\/2019\/03\/trasa4-300x200.jpg 300w\" sizes=\"auto, (max-width: 600px) 100vw, 600px\" \/><\/p>\n","protected":false},"excerpt":{"rendered":"<p>\u00a0\u00a0 Jak se dostanu do ordinace? autobusem \u010d. 125, 154, 181, 182, 183 tramvaj\u00ed \u010d. 22 a 26 do zast\u00e1vky N\u00e1dra\u017e\u00ed Hostiva\u0159 a pak 5 minut p\u011b\u0161ky (\u010derven\u00e1 \u0161ipka), odkaz na mapy.cz\u21b5 (50\u00b03\u20198.099\u2033N, 14\u00b032\u201927.47\u2033E) Po p\u0159\u00edjezdu tramvaj\u00ed projdete podchodem (prvn\u00ed obr\u00e1zek) a d\u00e1te se vlevo. U silnice odbo\u010d\u00edte doprava a&#8230;<\/p>\n","protected":false},"author":1,"featured_media":0,"parent":0,"menu_order":0,"comment_status":"closed","ping_status":"closed","template":"","meta":{"footnotes":""},"class_list":["post-11","page","type-page","status-publish","hentry"],"jetpack_shortlink":"https:\/\/wp.me\/PaEcdc-b","jetpack_sharing_enabled":true,"_links":{"self":[{"href":"https:\/\/doktorka.tomana.cz\/index.php\/wp-json\/wp\/v2\/pages\/11","targetHints":{"allow":["GET"]}}],"collection":[{"href":"https:\/\/doktorka.tomana.cz\/index.php\/wp-json\/wp\/v2\/pages"}],"about":[{"href":"https:\/\/doktorka.tomana.cz\/index.php\/wp-json\/wp\/v2\/types\/page"}],"author":[{"embeddable":true,"href":"https:\/\/doktorka.tomana.cz\/index.php\/wp-json\/wp\/v2\/users\/1"}],"replies":[{"embeddable":true,"href":"https:\/\/doktorka.tomana.cz\/index.php\/wp-json\/wp\/v2\/comments?post=11"}],"version-history":[{"count":7,"href":"https:\/\/doktorka.tomana.cz\/index.php\/wp-json\/wp\/v2\/pages\/11\/revisions"}],"predecessor-version":[{"id":1597,"href":"https:\/\/doktorka.tomana.cz\/index.php\/wp-json\/wp\/v2\/pages\/11\/revisions\/1597"}],"wp:attachment":[{"href":"https:\/\/doktorka.tomana.cz\/index.php\/wp-json\/wp\/v2\/media?parent=11"}],"curies":[{"name":"wp","href":"https:\/\/api.w.org\/{rel}","templated":true}]}}